{"id":9,"date":"2013-05-31T11:56:39","date_gmt":"2013-05-31T11:56:39","guid":{"rendered":"http:\/\/us-themes.com\/wp\/Vittoria\/?page_id=9"},"modified":"2025-09-15T17:06:31","modified_gmt":"2025-09-15T17:06:31","slug":"contato","status":"publish","type":"page","link":"https:\/\/evandrocassa.com.br\/?page_id=9","title":{"rendered":"Contato"},"content":{"rendered":"<section class=\"l-section wpb_row height_auto width_full imgsize_cover vc_row-fluid\"><div class=\"l-section-h g-html i-cf\"><div class=\"g-cols offset_small\"><div class=\" full-width\"><\/div><\/div><\/div><\/section><section class=\"l-section wpb_row height_medium imgsize_cover vc_row-fluid\"><div class=\"l-section-h g-html i-cf\"><div class=\"g-cols offset_small\"><div class=\" one-third\"><div class=\"wpb_text_column \"><div class=\"wpb_wrapper\">\n<h3>Rede Social<\/h3>\n<\/div> <\/div> <div class=\"w-socials size_large align_left style_desaturated index_1\"><div class=\"w-socials-list\"><div class=\"w-socials-item instagram\">\r\r\n\t\t\t\t<a class=\"w-socials-item-link\" target=\"_blank\" href=\"https:\/\/instagram.com\/evandrocassa\/\">\r\r\n\t\t\t\t\t<span class=\"w-socials-item-link-hover\"><\/span>\r\r\n\t\t\t\t<\/a>\r\r\n\t\t\t\t<div class=\"w-socials-item-popup\">\r\r\n\t\t\t\t\t<span>Instagram<\/span>\r\r\n\t\t\t\t<\/div>\r\r\n\t\t\t<\/div><\/div><\/div><div class=\"w-separator type_invisible size_medium thick_1 style_solid color_border cont_icon\"><span class=\"w-separator-h\"><i class=\"fa fa-star\"><\/i><\/span><\/div><div class=\"wpb_text_column \"><div class=\"wpb_wrapper\">\n<h3>Contato<\/h3>\n<\/div> <\/div> <div class=\"w-contacts\"><div class=\"w-contacts-list\"><div class=\"w-contacts-item for_phone\"><span class=\"w-contacts-item-value\">(11) 98872.1504 - WhatsApp<\/span><\/div><div class=\"w-contacts-item for_email\"><span class=\"w-contacts-item-value\"><a href=\"mailto:contato@evandrocassa.com.br\">contato@evandrocassa.com.br<\/a><\/span><\/div><\/div><\/div><\/div><div class=\" two-thirds\"><div class=\"wpb_text_column \"><div class=\"wpb_wrapper\">\n<h3>ENDERE\u00c7O<\/h3>\n<h4><strong>Agende sua mentorial individual. Presencial e Online.<\/strong><\/h4>\n<h5>UNIDADE 01 &#8211; Jundia\u00ed &#8211; SP<br \/>\nUNIDADE 02 &#8211; Avenida Paulista &#8211; SP<\/h5>\n<\/div> <\/div> <div class=\"w-separator type_invisible size_medium thick_1 style_solid color_border cont_icon\"><span class=\"w-separator-h\"><i class=\"fa fa-star\"><\/i><\/span><\/div><div class=\"wpb_text_column \"><div class=\"wpb_wrapper\">\n<h3>CONTATO<\/h3>\n<h6>Para mais informa\u00e7\u00f5es e agendamento.\u00a0 <strong>Contato via WhatsApp<\/strong><\/h6>\n<\/div> <\/div> <div class=\"wpb_text_column \"><div class=\"wpb_wrapper\"><a href=\"https:\/\/api.whatsapp.com\/send?l=pt&amp;phone=5511988721504\"><img loading=\"lazy\" class=\"alignnone wp-image-4788\" src=\"https:\/\/evandrocassa.com.br\/wp-content\/uploads\/2021\/02\/Tour-Cidade-do-Samba-1024x210.png\" alt=\"\" width=\"438\" height=\"90\" srcset=\"https:\/\/evandrocassa.com.br\/wp-content\/uploads\/2021\/02\/Tour-Cidade-do-Samba-1024x210.png 1024w, https:\/\/evandrocassa.com.br\/wp-content\/uploads\/2021\/02\/Tour-Cidade-do-Samba-300x61.png 300w, https:\/\/evandrocassa.com.br\/wp-content\/uploads\/2021\/02\/Tour-Cidade-do-Samba-768x157.png 768w, https:\/\/evandrocassa.com.br\/wp-content\/uploads\/2021\/02\/Tour-Cidade-do-Samba-600x123.png 600w, https:\/\/evandrocassa.com.br\/wp-content\/uploads\/2021\/02\/Tour-Cidade-do-Samba.png 1412w\" sizes=\"(max-width: 438px) 100vw, 438px\" \/><\/a><\/div> <\/div> <\/div><\/div><\/div><\/section>\n","protected":false},"excerpt":{"rendered":"Rede Social Instagram Contato (11) 98872.1504 - WhatsAppcontato@evandrocassa.com.br ENDERE\u00c7O Agende sua mentorial individual. Presencial e Online. UNIDADE 01 - Jundia\u00ed - SP UNIDADE 02 - Avenida Paulista - SP CONTATO Para mais informa\u00e7\u00f5es e agendamento.\u00a0 Contato via WhatsApp","protected":false},"author":1,"featured_media":0,"parent":0,"menu_order":0,"comment_status":"closed","ping_status":"closed","template":"","meta":[],"_links":{"self":[{"href":"https:\/\/evandrocassa.com.br\/index.php?rest_route=\/wp\/v2\/pages\/9"}],"collection":[{"href":"https:\/\/evandrocassa.com.br\/index.php?rest_route=\/wp\/v2\/pages"}],"about":[{"href":"https:\/\/evandrocassa.com.br\/index.php?rest_route=\/wp\/v2\/types\/page"}],"author":[{"embeddable":true,"href":"https:\/\/evandrocassa.com.br\/index.php?rest_route=\/wp\/v2\/users\/1"}],"replies":[{"embeddable":true,"href":"https:\/\/evandrocassa.com.br\/index.php?rest_route=%2Fwp%2Fv2%2Fcomments&post=9"}],"version-history":[{"count":66,"href":"https:\/\/evandrocassa.com.br\/index.php?rest_route=\/wp\/v2\/pages\/9\/revisions"}],"predecessor-version":[{"id":5470,"href":"https:\/\/evandrocassa.com.br\/index.php?rest_route=\/wp\/v2\/pages\/9\/revisions\/5470"}],"wp:attachment":[{"href":"https:\/\/evandrocassa.com.br\/index.php?rest_route=%2Fwp%2Fv2%2Fmedia&parent=9"}],"curies":[{"name":"wp","href":"https:\/\/api.w.org\/{rel}","templated":true}]}}